{"id":2732,"date":"2018-06-16T17:33:04","date_gmt":"2018-06-16T17:33:04","guid":{"rendered":"https:\/\/myhometheme.net\/market\/?page_id=2732"},"modified":"2020-09-09T07:08:38","modified_gmt":"2020-09-09T10:08:38","slug":"precisa-corretor","status":"publish","type":"page","link":"https:\/\/liberatodematos.com.br\/site\/precisa-corretor\/","title":{"rendered":"Precisa de um corretor?"},"content":{"rendered":"<p>[vc_row][vc_column][\/vc_column][\/vc_row][vc_row][vc_column width=&#8221;1\/6&#8243;][\/vc_column][vc_column width=&#8221;4\/6&#8243;][vc_column_text]<\/p>\n<div style=\"font-size: 21px;\">Quer vender? Alugar? Preencha esse formul\u00e1rio e entraremos em contato o mais breve poss\u00edvel para agendar uma visita.<\/div>\n<p>[\/vc_column_text]\n<div class=\"wpcf7 no-js\" id=\"wpcf7-f2694-o1\" lang=\"pl-PL\" dir=\"ltr\" data-wpcf7-id=\"2694\">\n<div class=\"screen-reader-response\"><p role=\"status\" aria-live=\"polite\" aria-atomic=\"true\"><\/p> <ul><\/ul><\/div>\n<form action=\"\/site\/wp-json\/wp\/v2\/pages\/2732#wpcf7-f2694-o1\" method=\"post\" class=\"wpcf7-form init\" aria-label=\"Formul\u00e1rios de contato\" novalidate=\"novalidate\" data-status=\"init\">\n<div style=\"display: none;\">\n<input type=\"hidden\" name=\"_wpcf7\" value=\"2694\" \/>\n<input type=\"hidden\" name=\"_wpcf7_version\" value=\"6.0.5\" \/>\n<input type=\"hidden\" name=\"_wpcf7_locale\" value=\"pl_PL\" \/>\n<input type=\"hidden\" name=\"_wpcf7_unit_tag\" value=\"wpcf7-f2694-o1\" \/>\n<input type=\"hidden\" name=\"_wpcf7_container_post\" value=\"0\" \/>\n<input type=\"hidden\" name=\"_wpcf7_posted_data_hash\" value=\"\" \/>\n<\/div>\n<div class=\"mh-contact-form-style-2\">\n\t<p><label>Endere\u00e7o<\/label><span class=\"wpcf7-form-control-wrap\" data-name=\"address\"><input size=\"40\" maxlength=\"400\" class=\"wpcf7-form-control wpcf7-text\" aria-invalid=\"false\" value=\"\" type=\"text\" name=\"address\" \/><\/span>\n\t<\/p>\n\t<p><label>Cidade<\/label><span class=\"wpcf7-form-control-wrap\" data-name=\"city\"><input size=\"40\" maxlength=\"400\" class=\"wpcf7-form-control wpcf7-text\" aria-invalid=\"false\" value=\"\" type=\"text\" name=\"city\" \/><\/span>\n\t<\/p>\n\t<p><label>Tipo de Propriedade<\/label><span class=\"wpcf7-form-control-wrap\" data-name=\"menu-8\"><select class=\"wpcf7-form-control wpcf7-select wpcf7-validates-as-required\" aria-required=\"true\" aria-invalid=\"false\" name=\"menu-8\"><option value=\"Apartamento\">Apartamento<\/option><option value=\"Casa\">Casa<\/option><option value=\"Terreno\">Terreno<\/option><\/select><\/span>\n\t<\/p>\n\t<p><label>Condi\u00e7\u00f5es<\/label><span class=\"wpcf7-form-control-wrap\" data-name=\"radio-160\"><span class=\"wpcf7-form-control wpcf7-radio\"><span class=\"wpcf7-list-item first\"><input type=\"radio\" name=\"radio-160\" value=\"Boa\" \/><span class=\"wpcf7-list-item-label\">Boa<\/span><\/span><span class=\"wpcf7-list-item\"><input type=\"radio\" name=\"radio-160\" value=\"Excelente\" \/><span class=\"wpcf7-list-item-label\">Excelente<\/span><\/span><span class=\"wpcf7-list-item\"><input type=\"radio\" name=\"radio-160\" value=\"Razo\u00e1vel\" \/><span class=\"wpcf7-list-item-label\">Razo\u00e1vel<\/span><\/span><span class=\"wpcf7-list-item\"><input type=\"radio\" name=\"radio-160\" value=\"Precisa de Reforma\" \/><span class=\"wpcf7-list-item-label\">Precisa de Reforma<\/span><\/span><span class=\"wpcf7-list-item last\"><input type=\"radio\" name=\"radio-160\" value=\"Ruim\" \/><span class=\"wpcf7-list-item-label\">Ruim<\/span><\/span><\/span><\/span>\n\t<\/p>\n\t<p><label>Quartos<\/label><span class=\"wpcf7-form-control-wrap\" data-name=\"radio-161\"><span class=\"wpcf7-form-control wpcf7-radio\"><span class=\"wpcf7-list-item first\"><input type=\"radio\" name=\"radio-161\" value=\"1\" checked=\"checked\" \/><span class=\"wpcf7-list-item-label\">1<\/span><\/span><span class=\"wpcf7-list-item\"><input type=\"radio\" name=\"radio-161\" value=\"2\" \/><span class=\"wpcf7-list-item-label\">2<\/span><\/span><span class=\"wpcf7-list-item\"><input type=\"radio\" name=\"radio-161\" value=\"3\" \/><span class=\"wpcf7-list-item-label\">3<\/span><\/span><span class=\"wpcf7-list-item\"><input type=\"radio\" name=\"radio-161\" value=\"4\" \/><span class=\"wpcf7-list-item-label\">4<\/span><\/span><span class=\"wpcf7-list-item last\"><input type=\"radio\" name=\"radio-161\" value=\"5+\" \/><span class=\"wpcf7-list-item-label\">5+<\/span><\/span><\/span><\/span>\n\t<\/p>\n\t<p><label>Banheiros<\/label><span class=\"wpcf7-form-control-wrap\" data-name=\"radio-162\"><span class=\"wpcf7-form-control wpcf7-radio\"><span class=\"wpcf7-list-item first\"><input type=\"radio\" name=\"radio-162\" value=\"1\" checked=\"checked\" \/><span class=\"wpcf7-list-item-label\">1<\/span><\/span><span class=\"wpcf7-list-item\"><input type=\"radio\" name=\"radio-162\" value=\"2\" \/><span class=\"wpcf7-list-item-label\">2<\/span><\/span><span class=\"wpcf7-list-item\"><input type=\"radio\" name=\"radio-162\" value=\"3\" \/><span class=\"wpcf7-list-item-label\">3<\/span><\/span><span class=\"wpcf7-list-item\"><input type=\"radio\" name=\"radio-162\" value=\"4\" \/><span class=\"wpcf7-list-item-label\">4<\/span><\/span><span class=\"wpcf7-list-item last\"><input type=\"radio\" name=\"radio-162\" value=\"5+\" \/><span class=\"wpcf7-list-item-label\">5+<\/span><\/span><\/span><\/span>\n\t<\/p>\n\t<p><label>\u00c1reas extras ou servi\u00e7os feitos<\/label><span class=\"wpcf7-form-control-wrap\" data-name=\"textarea-67\"><textarea cols=\"40\" rows=\"10\" maxlength=\"2000\" class=\"wpcf7-form-control wpcf7-textarea\" aria-invalid=\"false\" placeholder=\"Favor listar qualquer \u00e1rea extra ou servi\u00e7o feito na propriedade nos ultimos tempos. ex: troca de piso da area externa, constru\u00e7\u00e3o de piscina, etc\" name=\"textarea-67\"><\/textarea><\/span>\n\t<\/p>\n\t<p><label>Tamanho aproximado (metros quadrados)<\/label><span class=\"wpcf7-form-control-wrap\" data-name=\"approx-size\"><input size=\"40\" maxlength=\"400\" class=\"wpcf7-form-control wpcf7-text\" aria-invalid=\"false\" value=\"\" type=\"text\" name=\"approx-size\" \/><\/span>\n\t<\/p>\n\t<h2>Informa\u00e7\u00f5es Pesoais\n\t<\/h2>\n\t<p><label>Nome*<\/label><span class=\"wpcf7-form-control-wrap\" data-name=\"your-name\"><input size=\"40\" maxlength=\"400\" class=\"wpcf7-form-control wpcf7-text wpcf7-validates-as-required\" aria-required=\"true\" aria-invalid=\"false\" value=\"\" type=\"text\" name=\"your-name\" \/><\/span>\n\t<\/p>\n\t<p><label>Email* (required)<\/label><span class=\"wpcf7-form-control-wrap\" data-name=\"your-email\"><input size=\"40\" maxlength=\"400\" class=\"wpcf7-form-control wpcf7-email wpcf7-validates-as-required wpcf7-text wpcf7-validates-as-email\" aria-required=\"true\" aria-invalid=\"false\" value=\"\" type=\"email\" name=\"your-email\" \/><\/span>\n\t<\/p>\n\t<p><label>Telefone* (required)<\/label><span class=\"wpcf7-form-control-wrap\" data-name=\"tel-230\"><input size=\"40\" maxlength=\"400\" class=\"wpcf7-form-control wpcf7-tel wpcf7-validates-as-required wpcf7-text wpcf7-validates-as-tel\" aria-required=\"true\" aria-invalid=\"false\" value=\"\" type=\"tel\" name=\"tel-230\" \/><\/span>\n\t<\/p>\n\t<p><label>Escolha um servi\u00e7o* (required)<\/label><span class=\"wpcf7-form-control-wrap\" data-name=\"radio-761\"><span class=\"wpcf7-form-control wpcf7-radio\"><span class=\"wpcf7-list-item first\"><input type=\"radio\" name=\"radio-761\" value=\"Venda\" checked=\"checked\" \/><span class=\"wpcf7-list-item-label\">Venda<\/span><\/span><span class=\"wpcf7-list-item\"><input type=\"radio\" name=\"radio-761\" value=\"Aluguel\" \/><span class=\"wpcf7-list-item-label\">Aluguel<\/span><\/span><span class=\"wpcf7-list-item last\"><input type=\"radio\" name=\"radio-761\" value=\"Nenhum\" \/><span class=\"wpcf7-list-item-label\">Nenhum<\/span><\/span><\/span><\/span>\n\t<\/p>\n\t<p><label>Assunto<\/label><span class=\"wpcf7-form-control-wrap\" data-name=\"your-subject\"><input size=\"40\" maxlength=\"400\" class=\"wpcf7-form-control wpcf7-text\" aria-invalid=\"false\" value=\"\" type=\"text\" name=\"your-subject\" \/><\/span>\n\t<\/p>\n\t<p><label>Coment\u00e1rios<\/label><span class=\"wpcf7-form-control-wrap\" data-name=\"your-message\"><textarea cols=\"40\" rows=\"10\" maxlength=\"2000\" class=\"wpcf7-form-control wpcf7-textarea\" aria-invalid=\"false\" name=\"your-message\"><\/textarea><\/span>\n\t<\/p>\n\t<p><input class=\"wpcf7-form-control wpcf7-submit has-spinner\" type=\"submit\" value=\"Enviar solicita\u00e7\u00e3o\" \/>\n\t<\/p>\n<\/div><p style=\"display: none !important;\" class=\"akismet-fields-container\" data-prefix=\"_wpcf7_ak_\"><label>&#916;<textarea name=\"_wpcf7_ak_hp_textarea\" cols=\"45\" rows=\"8\" maxlength=\"100\"><\/textarea><\/label><input type=\"hidden\" id=\"ak_js_1\" name=\"_wpcf7_ak_js\" value=\"67\"\/><script data-jetpack-boost=\"ignore\">document.getElementById( \"ak_js_1\" ).setAttribute( \"value\", ( new Date() ).getTime() );<\/script><\/p><div class=\"wpcf7-response-output\" aria-hidden=\"true\"><\/div>\n<\/form>\n<\/div>\n[\/vc_column][vc_column width=&#8221;1\/6&#8243;][\/vc_column][\/vc_row]<\/p>\n","protected":false},"excerpt":{"rendered":"<p>[vc_row][vc_column][\/vc_column][\/vc_row][vc_row][vc_column width=&#8221;1\/6&#8243;][\/vc_column][vc_column width=&#8221;4\/6&#8243;][vc_column_text] Quer vender? Alugar? Preencha esse formul\u00e1rio e entraremos em contato o mais breve poss\u00edvel para agendar uma visita. [\/vc_column_text][\/vc_column][vc_column width=&#8221;1\/6&#8243;][\/vc_column][\/vc_row]<\/p>\n","protected":false},"author":1,"featured_media":0,"parent":0,"menu_order":0,"comment_status":"closed","ping_status":"closed","template":"page_full-width-with-top-title.php","meta":{"_joinchat":[],"footnotes":""},"class_list":["post-2732","page","type-page","status-publish","hentry"],"jetpack_sharing_enabled":true,"_links":{"self":[{"href":"https:\/\/liberatodematos.com.br\/site\/wp-json\/wp\/v2\/pages\/2732","targetHints":{"allow":["GET"]}}],"collection":[{"href":"https:\/\/liberatodematos.com.br\/site\/wp-json\/wp\/v2\/pages"}],"about":[{"href":"https:\/\/liberatodematos.com.br\/site\/wp-json\/wp\/v2\/types\/page"}],"author":[{"embeddable":true,"href":"https:\/\/liberatodematos.com.br\/site\/wp-json\/wp\/v2\/users\/1"}],"replies":[{"embeddable":true,"href":"https:\/\/liberatodematos.com.br\/site\/wp-json\/wp\/v2\/comments?post=2732"}],"version-history":[{"count":3,"href":"https:\/\/liberatodematos.com.br\/site\/wp-json\/wp\/v2\/pages\/2732\/revisions"}],"predecessor-version":[{"id":3407,"href":"https:\/\/liberatodematos.com.br\/site\/wp-json\/wp\/v2\/pages\/2732\/revisions\/3407"}],"wp:attachment":[{"href":"https:\/\/liberatodematos.com.br\/site\/wp-json\/wp\/v2\/media?parent=2732"}],"curies":[{"name":"wp","href":"https:\/\/api.w.org\/{rel}","templated":true}]}}